{"id":42,"date":"2011-03-16T14:42:49","date_gmt":"2011-03-16T14:42:49","guid":{"rendered":"http:\/\/www.argentidesigner.com\/?page_id=42"},"modified":"2011-03-18T08:09:04","modified_gmt":"2011-03-18T08:09:04","slug":"coffee","status":"publish","type":"page","link":"https:\/\/www.argentidesigner.com\/it\/collezioni\/cubecollection\/coffee\/","title":{"rendered":"Coffee"},"content":{"rendered":"<p>CubeCollectionCoffee ha ridisegnato lo spazio della pausa caff\u00e8. Quando \u00e8 chiuso \u00e8 un elegante elemento d\u2019arredo, qui proposto nella versione laccato nero texturizzato con base in acciaio satinato, mentre aperto presenta spazi ben organizzati per un momento di conviviale relax. CubeCollectionCoffee \u00e8 ben illuminato al suo interno con faretto o in alternativa con barra a led.<\/p>\n<p>Anche in un momento di pausa \u00e8 importante mantenere l\u2019ordine naturale delle cose; CubeCollectionCoffee in finitura texturizzato antigraffio color nero, \u00e8 ben attrezzato al suo interno con tre piani estraibili di cui uno con cassettino laterale push-pull, un pianetto porta cialde e mensole in cristallo e legno. Ha la base in acciaio satinato e l\u2019interno \u00e8 laccato vaniglia texturizzato antigraffio.<\/p>","protected":false},"excerpt":{"rendered":"<p>CubeCollectionCoffee ha ridisegnato lo spazio della pausa caff\u00e8. Quando \u00e8 chiuso \u00e8 un elegante elemento d\u2019arredo, qui proposto nella versione [&hellip;]<\/p>\n","protected":false},"author":1,"featured_media":0,"parent":30,"menu_order":10,"comment_status":"open","ping_status":"open","template":"","meta":{"ngg_post_thumbnail":0,"footnotes":""},"class_list":["post-42","page","type-page","status-publish","hentry"],"_links":{"self":[{"href":"https:\/\/www.argentidesigner.com\/it\/wp-json\/wp\/v2\/pages\/42","targetHints":{"allow":["GET"]}}],"collection":[{"href":"https:\/\/www.argentidesigner.com\/it\/wp-json\/wp\/v2\/pages"}],"about":[{"href":"https:\/\/www.argentidesigner.com\/it\/wp-json\/wp\/v2\/types\/page"}],"author":[{"embeddable":true,"href":"https:\/\/www.argentidesigner.com\/it\/wp-json\/wp\/v2\/users\/1"}],"replies":[{"embeddable":true,"href":"https:\/\/www.argentidesigner.com\/it\/wp-json\/wp\/v2\/comments?post=42"}],"version-history":[{"count":0,"href":"https:\/\/www.argentidesigner.com\/it\/wp-json\/wp\/v2\/pages\/42\/revisions"}],"up":[{"embeddable":true,"href":"https:\/\/www.argentidesigner.com\/it\/wp-json\/wp\/v2\/pages\/30"}],"wp:attachment":[{"href":"https:\/\/www.argentidesigner.com\/it\/wp-json\/wp\/v2\/media?parent=42"}],"curies":[{"name":"wp","href":"https:\/\/api.w.org\/{rel}","templated":true}]}}